{"id":1483,"date":"2026-04-03T15:01:56","date_gmt":"2026-04-03T13:01:56","guid":{"rendered":"https:\/\/nextglow.be\/?page_id=1483"},"modified":"2026-04-03T15:01:56","modified_gmt":"2026-04-03T13:01:56","slug":"precautions-dutilisation","status":"publish","type":"page","link":"https:\/\/nextglow.be\/index.php\/precautions-dutilisation\/","title":{"rendered":"Pr\u00e9cautions d&rsquo;utilisation"},"content":{"rendered":"\n<hr class=\"wp-block-separator has-alpha-channel-opacity\"\/>\n\n\n\n<p>Les compl\u00e9ments alimentaires Next Glow doivent \u00eatre utilis\u00e9s dans le cadre d\u2019un mode de vie sain et \u00e9quilibr\u00e9.<\/p>\n\n\n\n<p>Ils ne peuvent en aucun cas se substituer \u00e0 une alimentation vari\u00e9e et \u00e9quilibr\u00e9e ni \u00e0 un traitement m\u00e9dical.<\/p>\n\n\n\n<p>Il est recommand\u00e9 de :<\/p>\n\n\n\n<ul class=\"wp-block-list\">\n<li>Respecter la dose journali\u00e8re indiqu\u00e9e<\/li>\n\n\n\n<li>Ne pas d\u00e9passer la quantit\u00e9 conseill\u00e9e<\/li>\n\n\n\n<li>Tenir les produits hors de port\u00e9e des enfants<\/li>\n\n\n\n<li>Demander l\u2019avis d\u2019un professionnel de sant\u00e9 en cas de traitement m\u00e9dical, de grossesse ou d\u2019allaitement<\/li>\n<\/ul>\n\n\n\n<p>En cas de doute ou de r\u00e9action inhabituelle, il est conseill\u00e9 de consulter un professionnel de sant\u00e9.<\/p>\n","protected":false},"excerpt":{"rendered":"<p>Les compl\u00e9ments alimentaires Next Glow doivent \u00eatre utilis\u00e9s dans le cadre d\u2019un mode de vie sain et \u00e9quilibr\u00e9. Ils ne peuvent en aucun cas se substituer \u00e0 une alimentation vari\u00e9e et \u00e9quilibr\u00e9e ni \u00e0 un traitement m\u00e9dical. Il est recommand\u00e9 de : En cas de doute ou de r\u00e9action inhabituelle, il est conseill\u00e9 de consulter un professionnel de sant\u00e9.<\/p>\n","protected":false},"author":4,"featured_media":0,"parent":0,"menu_order":0,"comment_status":"closed","ping_status":"closed","template":"","meta":{"footnotes":""},"class_list":["post-1483","page","type-page","status-publish","hentry"],"yoast_head":"<!-- This site is optimized with the Yoast SEO plugin v27.3 - https:\/\/yoast.com\/product\/yoast-seo-wordpress\/ -->\n<title>Pr\u00e9cautions d&#039;utilisation - Next Glow<\/title>\n<meta name=\"robots\" content=\"index, follow, max-snippet:-1, max-image-preview:large, max-video-preview:-1\" \/>\n<link rel=\"canonical\" href=\"https:\/\/nextglow.be\/index.php\/precautions-dutilisation\/\" \/>\n<meta property=\"og:locale\" content=\"fr_FR\" \/>\n<meta property=\"og:type\" content=\"article\" \/>\n<meta property=\"og:title\" content=\"Pr\u00e9cautions d&#039;utilisation - Next Glow\" \/>\n<meta property=\"og:description\" content=\"Les compl\u00e9ments alimentaires Next Glow doivent \u00eatre utilis\u00e9s dans le cadre d\u2019un mode de vie sain et \u00e9quilibr\u00e9. Ils ne peuvent en aucun cas se substituer \u00e0 une alimentation vari\u00e9e et \u00e9quilibr\u00e9e ni \u00e0 un traitement m\u00e9dical. Il est recommand\u00e9 de : En cas de doute ou de r\u00e9action inhabituelle, il est conseill\u00e9 de consulter un professionnel de sant\u00e9.\" \/>\n<meta property=\"og:url\" content=\"https:\/\/nextglow.be\/index.php\/precautions-dutilisation\/\" \/>\n<meta property=\"og:site_name\" content=\"Next Glow\" \/>\n<meta name=\"twitter:card\" content=\"summary_large_image\" \/>\n<meta name=\"twitter:label1\" content=\"Dur\u00e9e de lecture estim\u00e9e\" \/>\n\t<meta name=\"twitter:data1\" content=\"1 minute\" \/>\n<script type=\"application\/ld+json\" class=\"yoast-schema-graph\">{\"@context\":\"https:\\\/\\\/schema.org\",\"@graph\":[{\"@type\":\"WebPage\",\"@id\":\"https:\\\/\\\/nextglow.be\\\/index.php\\\/precautions-dutilisation\\\/\",\"url\":\"https:\\\/\\\/nextglow.be\\\/index.php\\\/precautions-dutilisation\\\/\",\"name\":\"Pr\u00e9cautions d'utilisation - Next Glow\",\"isPartOf\":{\"@id\":\"https:\\\/\\\/nextglow.be\\\/#website\"},\"datePublished\":\"2026-04-03T13:01:56+00:00\",\"breadcrumb\":{\"@id\":\"https:\\\/\\\/nextglow.be\\\/index.php\\\/precautions-dutilisation\\\/#breadcrumb\"},\"inLanguage\":\"fr-FR\",\"potentialAction\":[{\"@type\":\"ReadAction\",\"target\":[\"https:\\\/\\\/nextglow.be\\\/index.php\\\/precautions-dutilisation\\\/\"]}]},{\"@type\":\"BreadcrumbList\",\"@id\":\"https:\\\/\\\/nextglow.be\\\/index.php\\\/precautions-dutilisation\\\/#breadcrumb\",\"itemListElement\":[{\"@type\":\"ListItem\",\"position\":1,\"name\":\"Accueil\",\"item\":\"https:\\\/\\\/nextglow.be\\\/\"},{\"@type\":\"ListItem\",\"position\":2,\"name\":\"Pr\u00e9cautions d&rsquo;utilisation\"}]},{\"@type\":\"WebSite\",\"@id\":\"https:\\\/\\\/nextglow.be\\\/#website\",\"url\":\"https:\\\/\\\/nextglow.be\\\/\",\"name\":\"Next Glow\",\"description\":\"Your Glow, Your Power\",\"publisher\":{\"@id\":\"https:\\\/\\\/nextglow.be\\\/#organization\"},\"potentialAction\":[{\"@type\":\"SearchAction\",\"target\":{\"@type\":\"EntryPoint\",\"urlTemplate\":\"https:\\\/\\\/nextglow.be\\\/?s={search_term_string}\"},\"query-input\":{\"@type\":\"PropertyValueSpecification\",\"valueRequired\":true,\"valueName\":\"search_term_string\"}}],\"inLanguage\":\"fr-FR\"},{\"@type\":\"Organization\",\"@id\":\"https:\\\/\\\/nextglow.be\\\/#organization\",\"name\":\"Next Glow\",\"url\":\"https:\\\/\\\/nextglow.be\\\/\",\"logo\":{\"@type\":\"ImageObject\",\"inLanguage\":\"fr-FR\",\"@id\":\"https:\\\/\\\/nextglow.be\\\/#\\\/schema\\\/logo\\\/image\\\/\",\"url\":\"https:\\\/\\\/nextglow.be\\\/wp-content\\\/uploads\\\/2025\\\/08\\\/nextglowlogo.png\",\"contentUrl\":\"https:\\\/\\\/nextglow.be\\\/wp-content\\\/uploads\\\/2025\\\/08\\\/nextglowlogo.png\",\"width\":470,\"height\":194,\"caption\":\"Next Glow\"},\"image\":{\"@id\":\"https:\\\/\\\/nextglow.be\\\/#\\\/schema\\\/logo\\\/image\\\/\"},\"sameAs\":[\"https:\\\/\\\/www.instagram.com\\\/next.glow.be\\\/\",\"https:\\\/\\\/www.snapchat.com\\\/@nextglow.be\"]}]}<\/script>\n<!-- \/ Yoast SEO plugin. -->","yoast_head_json":{"title":"Pr\u00e9cautions d'utilisation - Next Glow","robots":{"index":"index","follow":"follow","max-snippet":"max-snippet:-1","max-image-preview":"max-image-preview:large","max-video-preview":"max-video-preview:-1"},"canonical":"https:\/\/nextglow.be\/index.php\/precautions-dutilisation\/","og_locale":"fr_FR","og_type":"article","og_title":"Pr\u00e9cautions d'utilisation - Next Glow","og_description":"Les compl\u00e9ments alimentaires Next Glow doivent \u00eatre utilis\u00e9s dans le cadre d\u2019un mode de vie sain et \u00e9quilibr\u00e9. Ils ne peuvent en aucun cas se substituer \u00e0 une alimentation vari\u00e9e et \u00e9quilibr\u00e9e ni \u00e0 un traitement m\u00e9dical. Il est recommand\u00e9 de : En cas de doute ou de r\u00e9action inhabituelle, il est conseill\u00e9 de consulter un professionnel de sant\u00e9.","og_url":"https:\/\/nextglow.be\/index.php\/precautions-dutilisation\/","og_site_name":"Next Glow","twitter_card":"summary_large_image","twitter_misc":{"Dur\u00e9e de lecture estim\u00e9e":"1 minute"},"schema":{"@context":"https:\/\/schema.org","@graph":[{"@type":"WebPage","@id":"https:\/\/nextglow.be\/index.php\/precautions-dutilisation\/","url":"https:\/\/nextglow.be\/index.php\/precautions-dutilisation\/","name":"Pr\u00e9cautions d'utilisation - Next Glow","isPartOf":{"@id":"https:\/\/nextglow.be\/#website"},"datePublished":"2026-04-03T13:01:56+00:00","breadcrumb":{"@id":"https:\/\/nextglow.be\/index.php\/precautions-dutilisation\/#breadcrumb"},"inLanguage":"fr-FR","potentialAction":[{"@type":"ReadAction","target":["https:\/\/nextglow.be\/index.php\/precautions-dutilisation\/"]}]},{"@type":"BreadcrumbList","@id":"https:\/\/nextglow.be\/index.php\/precautions-dutilisation\/#breadcrumb","itemListElement":[{"@type":"ListItem","position":1,"name":"Accueil","item":"https:\/\/nextglow.be\/"},{"@type":"ListItem","position":2,"name":"Pr\u00e9cautions d&rsquo;utilisation"}]},{"@type":"WebSite","@id":"https:\/\/nextglow.be\/#website","url":"https:\/\/nextglow.be\/","name":"Next Glow","description":"Your Glow, Your Power","publisher":{"@id":"https:\/\/nextglow.be\/#organization"},"potentialAction":[{"@type":"SearchAction","target":{"@type":"EntryPoint","urlTemplate":"https:\/\/nextglow.be\/?s={search_term_string}"},"query-input":{"@type":"PropertyValueSpecification","valueRequired":true,"valueName":"search_term_string"}}],"inLanguage":"fr-FR"},{"@type":"Organization","@id":"https:\/\/nextglow.be\/#organization","name":"Next Glow","url":"https:\/\/nextglow.be\/","logo":{"@type":"ImageObject","inLanguage":"fr-FR","@id":"https:\/\/nextglow.be\/#\/schema\/logo\/image\/","url":"https:\/\/nextglow.be\/wp-content\/uploads\/2025\/08\/nextglowlogo.png","contentUrl":"https:\/\/nextglow.be\/wp-content\/uploads\/2025\/08\/nextglowlogo.png","width":470,"height":194,"caption":"Next Glow"},"image":{"@id":"https:\/\/nextglow.be\/#\/schema\/logo\/image\/"},"sameAs":["https:\/\/www.instagram.com\/next.glow.be\/","https:\/\/www.snapchat.com\/@nextglow.be"]}]}},"jetpack_sharing_enabled":true,"_links":{"self":[{"href":"https:\/\/nextglow.be\/index.php\/wp-json\/wp\/v2\/pages\/1483","targetHints":{"allow":["GET"]}}],"collection":[{"href":"https:\/\/nextglow.be\/index.php\/wp-json\/wp\/v2\/pages"}],"about":[{"href":"https:\/\/nextglow.be\/index.php\/wp-json\/wp\/v2\/types\/page"}],"author":[{"embeddable":true,"href":"https:\/\/nextglow.be\/index.php\/wp-json\/wp\/v2\/users\/4"}],"replies":[{"embeddable":true,"href":"https:\/\/nextglow.be\/index.php\/wp-json\/wp\/v2\/comments?post=1483"}],"version-history":[{"count":1,"href":"https:\/\/nextglow.be\/index.php\/wp-json\/wp\/v2\/pages\/1483\/revisions"}],"predecessor-version":[{"id":1484,"href":"https:\/\/nextglow.be\/index.php\/wp-json\/wp\/v2\/pages\/1483\/revisions\/1484"}],"wp:attachment":[{"href":"https:\/\/nextglow.be\/index.php\/wp-json\/wp\/v2\/media?parent=1483"}],"curies":[{"name":"wp","href":"https:\/\/api.w.org\/{rel}","templated":true}]}}